{"id":2211,"date":"2025-04-04T08:04:15","date_gmt":"2025-04-04T08:04:15","guid":{"rendered":"https:\/\/demo2wpopal.b-cdn.net\/spaciaz\/?page_id=2211"},"modified":"2025-09-01T01:22:03","modified_gmt":"2025-08-31T23:22:03","slug":"services-style-01","status":"publish","type":"page","link":"https:\/\/keyrosconstruction.com\/?page_id=2211","title":{"rendered":"Nos services"},"content":{"rendered":"\t\t<div data-elementor-type=\"wp-page\" data-elementor-id=\"2211\" class=\"elementor elementor-2211\" data-elementor-post-type=\"page\">\n\t\t\t\t<div class=\"elementor-element elementor-element-f589763 e-con-full e-flex e-con e-parent\" data-id=\"f589763\" data-element_type=\"container\" data-settings=\"{&quot;background_background&quot;:&quot;classic&quot;}\">\n\t\t<div class=\"elementor-element elementor-element-f1360fe e-flex e-con-boxed e-con e-child\" data-id=\"f1360fe\" data-element_type=\"container\">\n\t\t\t\t\t<div class=\"e-con-inner\">\n\t\t\t\t<div class=\"elementor-element elementor-element-2430424 elementor-widget elementor-widget-page-title\" data-id=\"2430424\" data-element_type=\"widget\" data-widget_type=\"page-title.default\">\n\t\t\t\t<div class=\"elementor-widget-container\">\n\t\t\t\t\t\t\t\n\t\t<div class=\"hfe-page-title hfe-page-title-wrapper elementor-widget-heading\">\n\n\t\t\t\t\t\t\t\t<h2 class=\"elementor-heading-title elementor-size-default\">\n\t\t\t\t\t\t\t\t\n\t\t\t\tNos services  \n\t\t\t<\/h2 > \n\t\t\t\t\t<\/div>\n\t\t\t\t\t\t<\/div>\n\t\t\t\t<\/div>\n\t\t\t\t<div class=\"elementor-element elementor-element-7728834 elementor-widget elementor-widget-hfe-breadcrumbs-widget\" data-id=\"7728834\" data-element_type=\"widget\" data-widget_type=\"hfe-breadcrumbs-widget.default\">\n\t\t\t\t<div class=\"elementor-widget-container\">\n\t\t\t\t\t<nav aria-label=\"Breadcrumb\"><ul class=\"hfe-breadcrumbs hfe-breadcrumbs-show-home\"><li class=\"hfe-breadcrumbs-item hfe-breadcrumbs-first\"><span class=\"hfe-breadcrumbs-home-icon\"><\/span><a href=\"https:\/\/keyrosconstruction.com\"><span class=\"hfe-breadcrumbs-text\">Home<\/span><\/a><\/li><\/ul><\/nav>\t\t\t\t<\/div>\n\t\t\t\t<\/div>\n\t\t\t\t\t<\/div>\n\t\t\t\t<\/div>\n\t\t\t\t<div class=\"elementor-element elementor-element-7b01c05 elementor-widget elementor-widget-spacer\" data-id=\"7b01c05\" data-element_type=\"widget\" data-widget_type=\"spacer.default\">\n\t\t\t\t<div class=\"elementor-widget-container\">\n\t\t\t\t\t\t\t<div class=\"elementor-spacer\">\n\t\t\t<div class=\"elementor-spacer-inner\"><\/div>\n\t\t<\/div>\n\t\t\t\t\t\t<\/div>\n\t\t\t\t<\/div>\n\t\t\t\t<\/div>\n\t\t<div class=\"elementor-element elementor-element-70691d5 e-flex e-con-boxed e-con e-parent\" data-id=\"70691d5\" data-element_type=\"container\">\n\t\t\t\t\t<div class=\"e-con-inner\">\n\t\t<div class=\"elementor-element elementor-element-f3bd2d0 e-con-full e-flex e-con e-child\" data-id=\"f3bd2d0\" data-element_type=\"container\">\n\t\t\t\t<div class=\"elementor-element elementor-element-2b2ed76 elementor-widget__width-initial animated-fast elementor-invisible elementor-widget elementor-widget-heading\" data-id=\"2b2ed76\" data-element_type=\"widget\" data-settings=\"{&quot;_animation&quot;:&quot;opal-move-left&quot;}\" data-widget_type=\"heading.default\">\n\t\t\t\t<div class=\"elementor-widget-container\">\n\t\t\t\t\t<h2 class=\"elementor-heading-title elementor-size-default\">Une exp\u00e9rience terrain \u00e9prouv\u00e9e : Avec plusieurs projets d\u00e9j\u00e0 r\u00e9alis\u00e9s \u00e0 Abidjan et \u00e0 l\u2019int\u00e9rieur du pays, nous apportons une expertise solide et un savoir-faire reconnu dans tous les domaines de la construction.<\/h2>\t\t\t\t<\/div>\n\t\t\t\t<\/div>\n\t\t\t\t<\/div>\n\t\t\t\t<div class=\"elementor-element elementor-element-867dc0d animated-fast elementor-service-style-1 elementor-invisible elementor-widget elementor-widget-spaciaz-services\" data-id=\"867dc0d\" data-element_type=\"widget\" data-settings=\"{&quot;_animation&quot;:&quot;opal-move-up&quot;}\" data-widget_type=\"spaciaz-services.default\">\n\t\t\t\t<div class=\"elementor-widget-container\">\n\t\t\t\t\t        <div class=\"elementor-service-wrapper\">\n            <div class=\"d-grid\">\n                                                         <div class=\"grid-item service-item service-style-1\">\n                                            <div class=\"service-inner service-style-inner\">\n    <div class=\"service-content\">\n        <div class=\"service-post-thumbnail\">\n                            <img fetchpriority=\"high\" decoding=\"async\" width=\"900\" height=\"491\" src=\"https:\/\/keyrosconstruction.com\/wp-content\/uploads\/2025\/08\/Image_fx-3-1024x559.png\" class=\"attachment-large size-large wp-post-image\" alt=\"\" srcset=\"https:\/\/keyrosconstruction.com\/wp-content\/uploads\/2025\/08\/Image_fx-3-1024x559.png 1024w, https:\/\/keyrosconstruction.com\/wp-content\/uploads\/2025\/08\/Image_fx-3-300x164.png 300w, https:\/\/keyrosconstruction.com\/wp-content\/uploads\/2025\/08\/Image_fx-3-768x419.png 768w, https:\/\/keyrosconstruction.com\/wp-content\/uploads\/2025\/08\/Image_fx-3.png 1408w\" sizes=\"(max-width: 900px) 100vw, 900px\" \/>                    <\/div><!-- .post-thumbnail -->\n        <div class=\"service-button-wrap\">\n            <a class=\"service-button\" href=\"https:\/\/keyrosconstruction.com\/?spaciaz_services=construction-renovation-et-rehabilitation\">\n                <span class=\"btn-icon-wrap\">\n                    <span class=\"btn-icon\"><i class=\"spaciaz-icon-arrow-long-right\"><\/i><\/span>\n                    <span class=\"btn-icon-hover\"><i class=\"spaciaz-icon-arrow-long-right\"><\/i><\/span>\n                <\/span>\n            <\/a>\n            <div class=\"decor-border\"> <\/div>\n        <\/div>\n    <\/div>\n    <div class=\"service-info\">\n        <h4 class=\"service-title\"><a href=\"https:\/\/keyrosconstruction.com\/?spaciaz_services=construction-renovation-et-rehabilitation\">Construction, r\u00e9novation et r\u00e9habilitation<\/a><\/h4>\n        <div class=\"description\"><p>Construction neuve, r\u00e9novation et r\u00e9habilitation, alliant expertise technique et cr\u00e9ativit\u00e9 architecturale.<\/p>\n<\/div>\n    <\/div>\n<\/div>\n                                        <\/div>\n                                                                                 <div class=\"grid-item service-item service-style-1\">\n                                            <div class=\"service-inner service-style-inner\">\n    <div class=\"service-content\">\n        <div class=\"service-post-thumbnail\">\n                            <img decoding=\"async\" width=\"900\" height=\"491\" src=\"https:\/\/keyrosconstruction.com\/wp-content\/uploads\/2025\/04\/Image_fx-1-1024x559.png\" class=\"attachment-large size-large wp-post-image\" alt=\"\" srcset=\"https:\/\/keyrosconstruction.com\/wp-content\/uploads\/2025\/04\/Image_fx-1-1024x559.png 1024w, https:\/\/keyrosconstruction.com\/wp-content\/uploads\/2025\/04\/Image_fx-1-300x164.png 300w, https:\/\/keyrosconstruction.com\/wp-content\/uploads\/2025\/04\/Image_fx-1-768x419.png 768w, https:\/\/keyrosconstruction.com\/wp-content\/uploads\/2025\/04\/Image_fx-1.png 1408w\" sizes=\"(max-width: 900px) 100vw, 900px\" \/>                    <\/div><!-- .post-thumbnail -->\n        <div class=\"service-button-wrap\">\n            <a class=\"service-button\" href=\"https:\/\/keyrosconstruction.com\/?spaciaz_services=ingenierie-de-lhabitat-intelligent-et-durable\">\n                <span class=\"btn-icon-wrap\">\n                    <span class=\"btn-icon\"><i class=\"spaciaz-icon-arrow-long-right\"><\/i><\/span>\n                    <span class=\"btn-icon-hover\"><i class=\"spaciaz-icon-arrow-long-right\"><\/i><\/span>\n                <\/span>\n            <\/a>\n            <div class=\"decor-border\"> <\/div>\n        <\/div>\n    <\/div>\n    <div class=\"service-info\">\n        <h4 class=\"service-title\"><a href=\"https:\/\/keyrosconstruction.com\/?spaciaz_services=ingenierie-de-lhabitat-intelligent-et-durable\">Ing\u00e9nierie de l&rsquo;Habitat Intelligent et Durable<\/a><\/h4>\n        <div class=\"description\"><p>Int\u00e9grez les technologies modernes avec notre expertise en domotique, panneaux solaires et forage.<\/p>\n<\/div>\n    <\/div>\n<\/div>\n                                        <\/div>\n                                                                                 <div class=\"grid-item service-item service-style-1\">\n                                            <div class=\"service-inner service-style-inner\">\n    <div class=\"service-content\">\n        <div class=\"service-post-thumbnail\">\n                            <img decoding=\"async\" width=\"900\" height=\"491\" src=\"https:\/\/keyrosconstruction.com\/wp-content\/uploads\/2025\/04\/Image_fx-1024x559.png\" class=\"attachment-large size-large wp-post-image\" alt=\"\" srcset=\"https:\/\/keyrosconstruction.com\/wp-content\/uploads\/2025\/04\/Image_fx-1024x559.png 1024w, https:\/\/keyrosconstruction.com\/wp-content\/uploads\/2025\/04\/Image_fx-300x164.png 300w, https:\/\/keyrosconstruction.com\/wp-content\/uploads\/2025\/04\/Image_fx-768x419.png 768w, https:\/\/keyrosconstruction.com\/wp-content\/uploads\/2025\/04\/Image_fx.png 1408w\" sizes=\"(max-width: 900px) 100vw, 900px\" \/>                    <\/div><!-- .post-thumbnail -->\n        <div class=\"service-button-wrap\">\n            <a class=\"service-button\" href=\"https:\/\/keyrosconstruction.com\/?spaciaz_services=sales-marketing\">\n                <span class=\"btn-icon-wrap\">\n                    <span class=\"btn-icon\"><i class=\"spaciaz-icon-arrow-long-right\"><\/i><\/span>\n                    <span class=\"btn-icon-hover\"><i class=\"spaciaz-icon-arrow-long-right\"><\/i><\/span>\n                <\/span>\n            <\/a>\n            <div class=\"decor-border\"> <\/div>\n        <\/div>\n    <\/div>\n    <div class=\"service-info\">\n        <h4 class=\"service-title\"><a href=\"https:\/\/keyrosconstruction.com\/?spaciaz_services=sales-marketing\">\u00c9tude Avant-Projet<\/a><\/h4>\n        <div class=\"description\"><p>Architecturale : Plans 2D, vues 3D, plans de coupe, de fa\u00e7ade, plans d\u2019ex\u00e9cution.<br \/>\nTechnique &#038; G\u00e9otechnique : \u00c9tude de sol, \u00e9tude de structure, plan de ferraillage.<\/p>\n<\/div>\n    <\/div>\n<\/div>\n                                        <\/div>\n                                                                                 <div class=\"grid-item service-item service-style-1\">\n                                            <div class=\"service-inner service-style-inner\">\n    <div class=\"service-content\">\n        <div class=\"service-post-thumbnail\">\n                            <img loading=\"lazy\" decoding=\"async\" width=\"900\" height=\"491\" src=\"https:\/\/keyrosconstruction.com\/wp-content\/uploads\/2025\/04\/Image_fx-2-1024x559.png\" class=\"attachment-large size-large wp-post-image\" alt=\"\" srcset=\"https:\/\/keyrosconstruction.com\/wp-content\/uploads\/2025\/04\/Image_fx-2-1024x559.png 1024w, https:\/\/keyrosconstruction.com\/wp-content\/uploads\/2025\/04\/Image_fx-2-300x164.png 300w, https:\/\/keyrosconstruction.com\/wp-content\/uploads\/2025\/04\/Image_fx-2-768x419.png 768w, https:\/\/keyrosconstruction.com\/wp-content\/uploads\/2025\/04\/Image_fx-2.png 1408w\" sizes=\"(max-width: 900px) 100vw, 900px\" \/>                    <\/div><!-- .post-thumbnail -->\n        <div class=\"service-button-wrap\">\n            <a class=\"service-button\" href=\"https:\/\/keyrosconstruction.com\/?spaciaz_services=conseil-et-laccompagnement\">\n                <span class=\"btn-icon-wrap\">\n                    <span class=\"btn-icon\"><i class=\"spaciaz-icon-arrow-long-right\"><\/i><\/span>\n                    <span class=\"btn-icon-hover\"><i class=\"spaciaz-icon-arrow-long-right\"><\/i><\/span>\n                <\/span>\n            <\/a>\n            <div class=\"decor-border\"> <\/div>\n        <\/div>\n    <\/div>\n    <div class=\"service-info\">\n        <h4 class=\"service-title\"><a href=\"https:\/\/keyrosconstruction.com\/?spaciaz_services=conseil-et-laccompagnement\">Conseil et l\u2019Accompagnement<\/a><\/h4>\n        <div class=\"description\"><p>Conseil et Accompagnement Le Conseil et l\u2019Accompagnement sont au c\u0153ur de l\u2019approche de Keyros Construction. Nous ne sommes pas de simples ex\u00e9cutants : nous sommes vos partenaires strat\u00e9giques. D\u00e8s la gen\u00e8se de votre projet, nous vous accompagnons dans la d\u00e9finition des besoins, l\u2019analyse technique, la planification financi\u00e8re, le choix des mat\u00e9riaux, et jusqu\u2019au suivi post-r\u00e9alisation.Notre [&hellip;]<\/p>\n<\/div>\n    <\/div>\n<\/div>\n                                        <\/div>\n                                                    <\/div>\n\n        <\/div>\n                \t\t\t\t<\/div>\n\t\t\t\t<\/div>\n\t\t\t\t\t<\/div>\n\t\t\t\t<\/div>\n\t\t\t\t<\/div>\n\t\t","protected":false},"excerpt":{"rendered":"<p>Nos services Home Une exp\u00e9rience terrain \u00e9prouv\u00e9e : Avec plusieurs projets d\u00e9j\u00e0 r\u00e9alis\u00e9s \u00e0 Abidjan et \u00e0 l\u2019int\u00e9rieur du pays, nous apportons une expertise solide et un savoir-faire reconnu dans tous les domaines de la construction. Construction, r\u00e9novation et r\u00e9habilitation Suivi et contr\u00f4le de chantier, gestion de projet, obtention de permis de construire. Ing\u00e9nierie de [&hellip;]<\/p>\n","protected":false},"author":1,"featured_media":0,"parent":0,"menu_order":0,"comment_status":"closed","ping_status":"closed","template":"template-homepage.php","meta":{"footnotes":""},"class_list":["post-2211","page","type-page","status-publish","hentry"],"_links":{"self":[{"href":"https:\/\/keyrosconstruction.com\/index.php?rest_route=\/wp\/v2\/pages\/2211","targetHints":{"allow":["GET"]}}],"collection":[{"href":"https:\/\/keyrosconstruction.com\/index.php?rest_route=\/wp\/v2\/pages"}],"about":[{"href":"https:\/\/keyrosconstruction.com\/index.php?rest_route=\/wp\/v2\/types\/page"}],"author":[{"embeddable":true,"href":"https:\/\/keyrosconstruction.com\/index.php?rest_route=\/wp\/v2\/users\/1"}],"replies":[{"embeddable":true,"href":"https:\/\/keyrosconstruction.com\/index.php?rest_route=%2Fwp%2Fv2%2Fcomments&post=2211"}],"version-history":[{"count":7,"href":"https:\/\/keyrosconstruction.com\/index.php?rest_route=\/wp\/v2\/pages\/2211\/revisions"}],"predecessor-version":[{"id":6726,"href":"https:\/\/keyrosconstruction.com\/index.php?rest_route=\/wp\/v2\/pages\/2211\/revisions\/6726"}],"wp:attachment":[{"href":"https:\/\/keyrosconstruction.com\/index.php?rest_route=%2Fwp%2Fv2%2Fmedia&parent=2211"}],"curies":[{"name":"wp","href":"https:\/\/api.w.org\/{rel}","templated":true}]}}