{"id":6649,"date":"2025-08-26T15:03:40","date_gmt":"2025-08-26T13:03:40","guid":{"rendered":"https:\/\/keyrosconstruction.com\/?page_id=6649"},"modified":"2025-08-28T06:21:52","modified_gmt":"2025-08-28T04:21:52","slug":"nos-designs","status":"publish","type":"page","link":"https:\/\/keyrosconstruction.com\/?page_id=6649","title":{"rendered":"Nos designs"},"content":{"rendered":"\t\t<div data-elementor-type=\"wp-page\" data-elementor-id=\"6649\" class=\"elementor elementor-6649\" data-elementor-post-type=\"page\">\n\t\t\t\t<div class=\"elementor-element elementor-element-71dd998 e-flex e-con-boxed e-con e-parent\" data-id=\"71dd998\" data-element_type=\"container\">\n\t\t\t\t\t<div class=\"e-con-inner\">\n\t\t\t\t<div class=\"elementor-element elementor-element-cf743b9 elementor-widget__width-initial animated-fast elementor-invisible elementor-widget elementor-widget-heading\" data-id=\"cf743b9\" data-element_type=\"widget\" data-settings=\"{&quot;_animation&quot;:&quot;opal-move-up&quot;}\" data-widget_type=\"heading.default\">\n\t\t\t\t<div class=\"elementor-widget-container\">\n\t\t\t\t\t<h5 class=\"elementor-heading-title elementor-size-default\">Des projets personnalis\u00e9s pour donner vie \u00e0 vos r\u00eaves<\/h5>\t\t\t\t<\/div>\n\t\t\t\t<\/div>\n\t\t\t\t\t<\/div>\n\t\t\t\t<\/div>\n\t\t<div class=\"elementor-element elementor-element-4710a64 e-flex e-con-boxed e-con e-parent\" data-id=\"4710a64\" data-element_type=\"container\">\n\t\t\t\t\t<div class=\"e-con-inner\">\n\t\t<div class=\"elementor-element elementor-element-d9b0a32 e-con-full e-flex e-con e-child\" data-id=\"d9b0a32\" data-element_type=\"container\">\n\t\t<div class=\"elementor-element elementor-element-c93258b e-con-full e-flex e-con e-child\" data-id=\"c93258b\" data-element_type=\"container\" data-settings=\"{&quot;background_background&quot;:&quot;classic&quot;}\">\n\t\t\t\t<div class=\"elementor-element elementor-element-ecf459e elementor-widget__width-initial elementor-absolute elementor-widget elementor-widget-spacer\" data-id=\"ecf459e\" data-element_type=\"widget\" data-settings=\"{&quot;_position&quot;:&quot;absolute&quot;,&quot;spaciaz_decor_top_left&quot;:&quot;yes&quot;,&quot;spaciaz_decor_bottom_right&quot;:&quot;yes&quot;}\" data-widget_type=\"spacer.default\">\n\t\t\t\t<div class=\"elementor-widget-container\">\n\t\t\t\t\t\t\t<div class=\"elementor-spacer\">\n\t\t\t<div class=\"elementor-spacer-inner\"><\/div>\n\t\t<\/div>\n\t\t\t\t\t\t<\/div>\n\t\t\t\t<\/div>\n\t\t\t\t<\/div>\n\t\t\t\t<\/div>\n\t\t<div class=\"elementor-element elementor-element-40b2dfb e-con-full e-flex e-con e-child\" data-id=\"40b2dfb\" data-element_type=\"container\">\n\t\t<div class=\"elementor-element elementor-element-da9e882 e-con-full e-flex e-con e-child\" data-id=\"da9e882\" data-element_type=\"container\" data-settings=\"{&quot;background_background&quot;:&quot;classic&quot;}\">\n\t\t\t\t<div class=\"elementor-element elementor-element-7b51830 elementor-widget__width-initial elementor-absolute elementor-widget elementor-widget-spacer\" data-id=\"7b51830\" data-element_type=\"widget\" data-settings=\"{&quot;_position&quot;:&quot;absolute&quot;,&quot;spaciaz_decor_top_left&quot;:&quot;yes&quot;,&quot;spaciaz_decor_bottom_right&quot;:&quot;yes&quot;}\" data-widget_type=\"spacer.default\">\n\t\t\t\t<div class=\"elementor-widget-container\">\n\t\t\t\t\t\t\t<div class=\"elementor-spacer\">\n\t\t\t<div class=\"elementor-spacer-inner\"><\/div>\n\t\t<\/div>\n\t\t\t\t\t\t<\/div>\n\t\t\t\t<\/div>\n\t\t\t\t<\/div>\n\t\t\t\t<\/div>\n\t\t\t\t\t<\/div>\n\t\t\t\t<\/div>\n\t\t<div class=\"elementor-element elementor-element-15592cf e-flex e-con-boxed e-con e-parent\" data-id=\"15592cf\" data-element_type=\"container\">\n\t\t\t\t\t<div class=\"e-con-inner\">\n\t\t<div class=\"elementor-element elementor-element-1a60d62 e-con-full e-flex e-con e-child\" data-id=\"1a60d62\" data-element_type=\"container\">\n\t\t\t\t<div class=\"elementor-element elementor-element-6f0d540 elementor-widget__width-initial animated-fast elementor-invisible elementor-widget elementor-widget-heading\" data-id=\"6f0d540\" data-element_type=\"widget\" data-settings=\"{&quot;_animation&quot;:&quot;opal-move-up&quot;}\" data-widget_type=\"heading.default\">\n\t\t\t\t<div class=\"elementor-widget-container\">\n\t\t\t\t\t<h5 class=\"elementor-heading-title elementor-size-default\">Villa Duplex 5 Pi\u00e8ces \u00e0 Bingerville Akandj\u00e9\n<\/h5>\t\t\t\t<\/div>\n\t\t\t\t<\/div>\n\t\t\t\t<\/div>\n\t\t<div class=\"elementor-element elementor-element-091f400 e-con-full e-flex e-con e-child\" data-id=\"091f400\" data-element_type=\"container\">\n\t\t\t\t<div class=\"elementor-element elementor-element-e8f4418 elementor-widget__width-initial animated-fast elementor-invisible elementor-widget elementor-widget-heading\" data-id=\"e8f4418\" data-element_type=\"widget\" data-settings=\"{&quot;_animation&quot;:&quot;opal-move-up&quot;}\" data-widget_type=\"heading.default\">\n\t\t\t\t<div class=\"elementor-widget-container\">\n\t\t\t\t\t<h2 class=\"elementor-heading-title elementor-size-default\">Villa Duplex 7 Pi\u00e8ces \u00e0 Brofodoum\u00e9\n<\/h2>\t\t\t\t<\/div>\n\t\t\t\t<\/div>\n\t\t\t\t<\/div>\n\t\t\t\t\t<\/div>\n\t\t\t\t<\/div>\n\t\t<div class=\"elementor-element elementor-element-0e541bd e-flex e-con-boxed e-con e-parent\" data-id=\"0e541bd\" data-element_type=\"container\">\n\t\t\t\t\t<div class=\"e-con-inner\">\n\t\t<div class=\"elementor-element elementor-element-7cbb360 e-con-full e-flex e-con e-child\" data-id=\"7cbb360\" data-element_type=\"container\">\n\t\t<div class=\"elementor-element elementor-element-c921052 e-con-full e-flex e-con e-child\" data-id=\"c921052\" data-element_type=\"container\">\n\t\t<div class=\"elementor-element elementor-element-8761606 e-con-full e-flex e-con e-child\" data-id=\"8761606\" data-element_type=\"container\" data-settings=\"{&quot;background_background&quot;:&quot;classic&quot;}\">\n\t\t\t\t<div class=\"elementor-element elementor-element-02e4209 elementor-widget__width-initial elementor-absolute elementor-widget elementor-widget-spacer\" data-id=\"02e4209\" data-element_type=\"widget\" data-settings=\"{&quot;_position&quot;:&quot;absolute&quot;,&quot;spaciaz_decor_top_left&quot;:&quot;yes&quot;,&quot;spaciaz_decor_bottom_right&quot;:&quot;yes&quot;}\" data-widget_type=\"spacer.default\">\n\t\t\t\t<div class=\"elementor-widget-container\">\n\t\t\t\t\t\t\t<div class=\"elementor-spacer\">\n\t\t\t<div class=\"elementor-spacer-inner\"><\/div>\n\t\t<\/div>\n\t\t\t\t\t\t<\/div>\n\t\t\t\t<\/div>\n\t\t\t\t<\/div>\n\t\t\t\t<\/div>\n\t\t<div class=\"elementor-element elementor-element-f15422e e-con-full e-flex e-con e-child\" data-id=\"f15422e\" data-element_type=\"container\">\n\t\t<div class=\"elementor-element elementor-element-8370d8e e-con-full e-flex e-con e-child\" data-id=\"8370d8e\" data-element_type=\"container\" data-settings=\"{&quot;background_background&quot;:&quot;classic&quot;}\">\n\t\t\t\t<div class=\"elementor-element elementor-element-e3b5d52 elementor-widget__width-initial elementor-absolute elementor-widget elementor-widget-spacer\" data-id=\"e3b5d52\" data-element_type=\"widget\" data-settings=\"{&quot;_position&quot;:&quot;absolute&quot;,&quot;spaciaz_decor_top_left&quot;:&quot;yes&quot;,&quot;spaciaz_decor_bottom_right&quot;:&quot;yes&quot;}\" data-widget_type=\"spacer.default\">\n\t\t\t\t<div class=\"elementor-widget-container\">\n\t\t\t\t\t\t\t<div class=\"elementor-spacer\">\n\t\t\t<div class=\"elementor-spacer-inner\"><\/div>\n\t\t<\/div>\n\t\t\t\t\t\t<\/div>\n\t\t\t\t<\/div>\n\t\t\t\t<\/div>\n\t\t\t\t<\/div>\n\t\t\t\t<\/div>\n\t\t\t\t\t<\/div>\n\t\t\t\t<\/div>\n\t\t<div class=\"elementor-element elementor-element-7771858 e-flex e-con-boxed e-con e-parent\" data-id=\"7771858\" data-element_type=\"container\">\n\t\t\t\t\t<div class=\"e-con-inner\">\n\t\t<div class=\"elementor-element elementor-element-28ce8e1 e-con-full e-flex e-con e-child\" data-id=\"28ce8e1\" data-element_type=\"container\">\n\t\t\t\t<div class=\"elementor-element elementor-element-5c0b740 elementor-widget__width-initial animated-fast elementor-invisible elementor-widget elementor-widget-heading\" data-id=\"5c0b740\" data-element_type=\"widget\" data-settings=\"{&quot;_animation&quot;:&quot;opal-move-up&quot;}\" data-widget_type=\"heading.default\">\n\t\t\t\t<div class=\"elementor-widget-container\">\n\t\t\t\t\t<h5 class=\"elementor-heading-title elementor-size-default\">Immeuble R+3 \u00e0 Port Bouet\n<\/h5>\t\t\t\t<\/div>\n\t\t\t\t<\/div>\n\t\t\t\t<\/div>\n\t\t<div class=\"elementor-element elementor-element-b7ec698 e-con-full e-flex e-con e-child\" data-id=\"b7ec698\" data-element_type=\"container\">\n\t\t\t\t<div class=\"elementor-element elementor-element-67b60b1 elementor-widget__width-initial animated-fast elementor-invisible elementor-widget elementor-widget-heading\" data-id=\"67b60b1\" data-element_type=\"widget\" data-settings=\"{&quot;_animation&quot;:&quot;opal-move-up&quot;}\" data-widget_type=\"heading.default\">\n\t\t\t\t<div class=\"elementor-widget-container\">\n\t\t\t\t\t<h2 class=\"elementor-heading-title elementor-size-default\">Villa Basse 4 Pi\u00e8ces + Piscine \u00e0 Assinie\n<\/h2>\t\t\t\t<\/div>\n\t\t\t\t<\/div>\n\t\t\t\t<\/div>\n\t\t\t\t\t<\/div>\n\t\t\t\t<\/div>\n\t\t<div class=\"elementor-element elementor-element-be78942 e-flex e-con-boxed e-con e-parent\" data-id=\"be78942\" data-element_type=\"container\">\n\t\t\t\t\t<div class=\"e-con-inner\">\n\t\t<div class=\"elementor-element elementor-element-a112502 e-con-full e-flex e-con e-child\" data-id=\"a112502\" data-element_type=\"container\">\n\t\t<div class=\"elementor-element elementor-element-af8c096 e-con-full e-flex e-con e-child\" data-id=\"af8c096\" data-element_type=\"container\">\n\t\t<div class=\"elementor-element elementor-element-0f1e740 e-con-full e-flex e-con e-child\" data-id=\"0f1e740\" data-element_type=\"container\" data-settings=\"{&quot;background_background&quot;:&quot;classic&quot;}\">\n\t\t\t\t<div class=\"elementor-element elementor-element-1bf5017 elementor-widget__width-initial elementor-absolute elementor-widget elementor-widget-spacer\" data-id=\"1bf5017\" data-element_type=\"widget\" data-settings=\"{&quot;_position&quot;:&quot;absolute&quot;,&quot;spaciaz_decor_top_left&quot;:&quot;yes&quot;,&quot;spaciaz_decor_bottom_right&quot;:&quot;yes&quot;}\" data-widget_type=\"spacer.default\">\n\t\t\t\t<div class=\"elementor-widget-container\">\n\t\t\t\t\t\t\t<div class=\"elementor-spacer\">\n\t\t\t<div class=\"elementor-spacer-inner\"><\/div>\n\t\t<\/div>\n\t\t\t\t\t\t<\/div>\n\t\t\t\t<\/div>\n\t\t\t\t<\/div>\n\t\t\t\t<\/div>\n\t\t<div class=\"elementor-element elementor-element-692418f e-con-full e-flex e-con e-child\" data-id=\"692418f\" data-element_type=\"container\">\n\t\t<div class=\"elementor-element elementor-element-a27197a e-con-full e-flex e-con e-child\" data-id=\"a27197a\" data-element_type=\"container\" data-settings=\"{&quot;background_background&quot;:&quot;classic&quot;}\">\n\t\t\t\t<div class=\"elementor-element elementor-element-9a22fea elementor-widget__width-initial elementor-absolute elementor-widget elementor-widget-spacer\" data-id=\"9a22fea\" data-element_type=\"widget\" data-settings=\"{&quot;_position&quot;:&quot;absolute&quot;,&quot;spaciaz_decor_top_left&quot;:&quot;yes&quot;,&quot;spaciaz_decor_bottom_right&quot;:&quot;yes&quot;}\" data-widget_type=\"spacer.default\">\n\t\t\t\t<div class=\"elementor-widget-container\">\n\t\t\t\t\t\t\t<div class=\"elementor-spacer\">\n\t\t\t<div class=\"elementor-spacer-inner\"><\/div>\n\t\t<\/div>\n\t\t\t\t\t\t<\/div>\n\t\t\t\t<\/div>\n\t\t\t\t<\/div>\n\t\t\t\t<\/div>\n\t\t\t\t<\/div>\n\t\t\t\t\t<\/div>\n\t\t\t\t<\/div>\n\t\t<div class=\"elementor-element elementor-element-39a5fcb e-flex e-con-boxed e-con e-parent\" data-id=\"39a5fcb\" data-element_type=\"container\">\n\t\t\t\t\t<div class=\"e-con-inner\">\n\t\t<div class=\"elementor-element elementor-element-6ba34d2 e-con-full e-flex e-con e-child\" data-id=\"6ba34d2\" data-element_type=\"container\">\n\t\t\t\t<div class=\"elementor-element elementor-element-84617da elementor-widget__width-initial animated-fast elementor-invisible elementor-widget elementor-widget-heading\" data-id=\"84617da\" data-element_type=\"widget\" data-settings=\"{&quot;_animation&quot;:&quot;opal-move-up&quot;}\" data-widget_type=\"heading.default\">\n\t\t\t\t<div class=\"elementor-widget-container\">\n\t\t\t\t\t<h5 class=\"elementor-heading-title elementor-size-default\">Villa Duplex 4 Pi\u00e8ces \u00e0 Bassam\n<\/h5>\t\t\t\t<\/div>\n\t\t\t\t<\/div>\n\t\t\t\t<\/div>\n\t\t<div class=\"elementor-element elementor-element-52075b7 e-con-full e-flex e-con e-child\" data-id=\"52075b7\" data-element_type=\"container\">\n\t\t\t\t<div class=\"elementor-element elementor-element-0b74a3b elementor-widget__width-initial animated-fast elementor-invisible elementor-widget elementor-widget-heading\" data-id=\"0b74a3b\" data-element_type=\"widget\" data-settings=\"{&quot;_animation&quot;:&quot;opal-move-up&quot;}\" data-widget_type=\"heading.default\">\n\t\t\t\t<div class=\"elementor-widget-container\">\n\t\t\t\t\t<h2 class=\"elementor-heading-title elementor-size-default\">Villa Triplex 11 Pi\u00e8ces \u00e0 Bingerville\n<\/h2>\t\t\t\t<\/div>\n\t\t\t\t<\/div>\n\t\t\t\t<\/div>\n\t\t\t\t\t<\/div>\n\t\t\t\t<\/div>\n\t\t<div class=\"elementor-element elementor-element-f04cf5c e-flex e-con-boxed e-con e-parent\" data-id=\"f04cf5c\" data-element_type=\"container\">\n\t\t\t\t\t<div class=\"e-con-inner\">\n\t\t<div class=\"elementor-element elementor-element-353bd07 e-con-full e-flex e-con e-child\" data-id=\"353bd07\" data-element_type=\"container\">\n\t\t<div class=\"elementor-element elementor-element-74f3e56 e-con-full e-flex e-con e-child\" data-id=\"74f3e56\" data-element_type=\"container\">\n\t\t<div class=\"elementor-element elementor-element-565c682 e-con-full e-flex e-con e-child\" data-id=\"565c682\" data-element_type=\"container\" data-settings=\"{&quot;background_background&quot;:&quot;classic&quot;}\">\n\t\t\t\t<div class=\"elementor-element elementor-element-bce50d3 elementor-widget__width-initial elementor-absolute elementor-widget elementor-widget-spacer\" data-id=\"bce50d3\" data-element_type=\"widget\" data-settings=\"{&quot;_position&quot;:&quot;absolute&quot;,&quot;spaciaz_decor_top_left&quot;:&quot;yes&quot;,&quot;spaciaz_decor_bottom_right&quot;:&quot;yes&quot;}\" data-widget_type=\"spacer.default\">\n\t\t\t\t<div class=\"elementor-widget-container\">\n\t\t\t\t\t\t\t<div class=\"elementor-spacer\">\n\t\t\t<div class=\"elementor-spacer-inner\"><\/div>\n\t\t<\/div>\n\t\t\t\t\t\t<\/div>\n\t\t\t\t<\/div>\n\t\t\t\t<\/div>\n\t\t\t\t<\/div>\n\t\t\t\t<div class=\"elementor-element elementor-element-2f67d21 elementor-widget__width-initial animated-fast elementor-invisible elementor-widget elementor-widget-heading\" data-id=\"2f67d21\" data-element_type=\"widget\" data-settings=\"{&quot;_animation&quot;:&quot;opal-move-up&quot;}\" data-widget_type=\"heading.default\">\n\t\t\t\t<div class=\"elementor-widget-container\">\n\t\t\t\t\t<h2 class=\"elementor-heading-title elementor-size-default\">Villa Triplex 6 Pi\u00e8ces \u00e0 Bassam\n<\/h2>\t\t\t\t<\/div>\n\t\t\t\t<\/div>\n\t\t\t\t<\/div>\n\t\t\t\t\t<\/div>\n\t\t\t\t<\/div>\n\t\t\t\t<\/div>\n\t\t","protected":false},"excerpt":{"rendered":"<p>Des projets personnalis\u00e9s pour donner vie \u00e0 vos r\u00eaves Villa Duplex 5 Pi\u00e8ces \u00e0 Bingerville Akandj\u00e9 Villa Duplex 7 Pi\u00e8ces \u00e0 Brofodoum\u00e9 Immeuble R+3 \u00e0 Port Bouet Villa Basse 4 Pi\u00e8ces + Piscine \u00e0 Assinie Villa Duplex 4 Pi\u00e8ces \u00e0 Bassam Villa Triplex 11 Pi\u00e8ces \u00e0 Bingerville Villa Triplex 6 Pi\u00e8ces \u00e0 Bassam<\/p>\n","protected":false},"author":1,"featured_media":0,"parent":0,"menu_order":0,"comment_status":"closed","ping_status":"closed","template":"","meta":{"footnotes":""},"class_list":["post-6649","page","type-page","status-publish","hentry"],"_links":{"self":[{"href":"https:\/\/keyrosconstruction.com\/index.php?rest_route=\/wp\/v2\/pages\/6649","targetHints":{"allow":["GET"]}}],"collection":[{"href":"https:\/\/keyrosconstruction.com\/index.php?rest_route=\/wp\/v2\/pages"}],"about":[{"href":"https:\/\/keyrosconstruction.com\/index.php?rest_route=\/wp\/v2\/types\/page"}],"author":[{"embeddable":true,"href":"https:\/\/keyrosconstruction.com\/index.php?rest_route=\/wp\/v2\/users\/1"}],"replies":[{"embeddable":true,"href":"https:\/\/keyrosconstruction.com\/index.php?rest_route=%2Fwp%2Fv2%2Fcomments&post=6649"}],"version-history":[{"count":11,"href":"https:\/\/keyrosconstruction.com\/index.php?rest_route=\/wp\/v2\/pages\/6649\/revisions"}],"predecessor-version":[{"id":6716,"href":"https:\/\/keyrosconstruction.com\/index.php?rest_route=\/wp\/v2\/pages\/6649\/revisions\/6716"}],"wp:attachment":[{"href":"https:\/\/keyrosconstruction.com\/index.php?rest_route=%2Fwp%2Fv2%2Fmedia&parent=6649"}],"curies":[{"name":"wp","href":"https:\/\/api.w.org\/{rel}","templated":true}]}}